{"id":2825,"date":"2022-11-29T13:23:13","date_gmt":"2022-11-29T12:23:13","guid":{"rendered":"https:\/\/parqueminerodealmaden.es\/?page_id=2825"},"modified":"2022-11-29T13:23:17","modified_gmt":"2022-11-29T12:23:17","slug":"cookies-policy","status":"publish","type":"page","link":"https:\/\/parqueminerodealmaden.es\/en\/cookies-policy\/","title":{"rendered":"Cookies Policy"},"content":{"rendered":"<style>#kt-layout-id_19ab18-fb > .kt-row-column-wrap{align-content:start;}:where(#kt-layout-id_19ab18-fb > .kt-row-column-wrap) > .wp-block-kadence-column{justify-content:start;}#kt-layout-id_19ab18-fb > .kt-row-column-wrap{column-gap:var(--global-kb-gap-md, 2rem);row-gap:var(--global-kb-gap-md, 2rem);max-width:1400px;margin-left:auto;margin-right:auto;padding-top:var( --global-kb-row-default-top, 25px );padding-bottom:var( --global-kb-row-default-bottom, 25px );padding-top:var(--global-kb-spacing-sm, 1.5rem);padding-bottom:var(--global-kb-spacing-sm, 1.5rem);grid-template-columns:minmax(0, 1fr);}#kt-layout-id_19ab18-fb > .kt-row-layout-overlay{opacity:0.30;}@media all and (max-width: 1024px){#kt-layout-id_19ab18-fb > .kt-row-column-wrap{grid-template-columns:minmax(0, 1fr);}}@media all and (max-width: 767px){#kt-layout-id_19ab18-fb > .kt-row-column-wrap{grid-template-columns:minmax(0, 1fr);}}<\/style>\n<div class=\"wp-block-kadence-rowlayout alignnone\"><div id=\"kt-layout-id_19ab18-fb\" class=\"kt-row-layout-inner kt-layout-id_19ab18-fb\"><div class=\"kt-row-column-wrap kt-has-1-columns kt-gutter-default kt-v-gutter-default kt-row-valign-top kt-row-layout-equal kt-tab-layout-inherit kt-m-colapse-left-to-right kt-mobile-layout-row\"><style>.kadence-column_ab9597-35 > .kt-inside-inner-col{border-top-width:0px;border-right-width:0px;border-bottom-width:0px;border-left-width:0px;}.kadence-column_ab9597-35 > .kt-inside-inner-col,.kadence-column_ab9597-35 > .kt-inside-inner-col:before{border-top-left-radius:0px;border-top-right-radius:0px;border-bottom-right-radius:0px;border-bottom-left-radius:0px;}.kadence-column_ab9597-35 > .kt-inside-inner-col{column-gap:var(--global-kb-gap-sm, 1rem);}.kadence-column_ab9597-35 > .kt-inside-inner-col{flex-direction:column;}.kadence-column_ab9597-35 > .kt-inside-inner-col > .aligncenter{width:100%;}.kadence-column_ab9597-35 > .kt-inside-inner-col:before{opacity:0.3;}.kadence-column_ab9597-35{position:relative;}@media all and (max-width: 1024px){.kadence-column_ab9597-35 > .kt-inside-inner-col{flex-direction:column;justify-content:center;}}@media all and (max-width: 767px){.kadence-column_ab9597-35 > .kt-inside-inner-col{flex-direction:column;justify-content:center;}}<\/style>\n<div class=\"wp-block-kadence-column inner-column-1 kadence-column_ab9597-35\"><div class=\"kt-inside-inner-col\">\n<p><strong>Cookies Policy<\/strong><\/p>\n\n\n\n<p>In this website we use own and third-party cookies that allow us analyses the use to ensure that our websites work correctly and to improve our services. MAYASA not collect any personal data through cookies. For more information see Cookies.<\/p>\n\n\n\n<p><strong>Modifications<\/strong><\/p>\n\n\n\n<p>MAYASA reserves the right to make modifications with no previous notice that it deems appropriate to its webpage, and may change, erase or add as much content and services provided through them, as well as how they appear in presentation or where they are located on the webpage.<\/p>\n\n\n\n<p><strong>Modification of Conditions and Duration<\/strong><\/p>\n\n\n\n<p>MAYASA may modify at any time the conditions determined herein, being duly published as they here appear. The validity of the cited conditions will be according to their exhibition and will be in force until modified by other duly published conditions.<\/p>\n\n\n\n<p><strong>General Conditions<\/strong><\/p>\n\n\n\n<p>MAYASA will pursue the non-fulfilment of these conditions, as well as any other undue use of their website, taking all civil and penal actions corresponding them<br>to the full extent of the law.<\/p>\n\n\n\n<p><strong>Applicable Legislation and Jurisdiction<\/strong><\/p>\n\n\n\n<p>The relationship between MAYASA and the User will be ruled by Spanish regulations in force, and any controversy will be subject to the Courts of Madrid.<\/p>\n\n\n\n<p><strong>Cookies utilizadas en la web <\/strong><\/p>\n\n\n\n<figure class=\"wp-block-table\"><table><tbody><tr><td><strong>Cookie <\/strong><\/td><td><strong>Tipo<\/strong><\/td><td><strong>Duraci\u00f3n <\/strong><\/td><td><strong>Descripci\u00f3n<\/strong><\/td><\/tr><tr><td>_gid<\/td><td>Estad\u00edstica<\/td><td>24 horas<\/td><td>Almacenar y realizar un seguimiento de las visitas a trav\u00e9s de m\u00faltiples sitios web. <\/td><\/tr><tr><td>_ga<\/td><td>Estad\u00edstica<\/td><td>2 a\u00f1os<\/td><td>Almacenar y realizar un seguimiento de las visitas a trav\u00e9s de m\u00faltiples sitios web.<\/td><\/tr><tr><td>_gat<\/td><td>Estad\u00edstica<\/td><td>1 minuto<\/td><td>Almacenar y realizar un seguimiento de las visitas a trav\u00e9s de m\u00faltiples sitios web.<\/td><\/tr><\/tbody><\/table><\/figure>\n<\/div><\/div>\n<\/div><\/div><\/div>\n","protected":false},"excerpt":{"rendered":"<p>Cookies Policy In this website we use own and third-party cookies that allow us analyses the use to ensure that our websites work correctly and to improve our services. MAYASA not collect any personal data through cookies. For more information see Cookies. Modifications MAYASA reserves the right to make modifications with no previous notice that&#8230;<\/p>\n","protected":false},"author":1,"featured_media":0,"parent":0,"menu_order":0,"comment_status":"closed","ping_status":"closed","template":"","meta":{"_acf_changed":false,"inline_featured_image":false,"_kad_blocks_custom_css":"","_kad_blocks_head_custom_js":"","_kad_blocks_body_custom_js":"","_kad_blocks_footer_custom_js":"","_kad_post_transparent":"","_kad_post_title":"","_kad_post_layout":"","_kad_post_sidebar_id":"","_kad_post_content_style":"","_kad_post_vertical_padding":"","_kad_post_feature":"","_kad_post_feature_position":"","_kad_post_header":false,"_kad_post_footer":false,"_kad_post_classname":"","footnotes":""},"class_list":["post-2825","page","type-page","status-publish","hentry"],"acf":[],"yoast_head":"<!-- This site is optimized with the Yoast SEO plugin v27.2 - https:\/\/yoast.com\/product\/yoast-seo-wordpress\/ -->\n<title>\u25b7 Cookies Policy - Parque Minero de Almad\u00e9n<\/title>\n<meta name=\"description\" content=\"Descubre el Parque Minero de Almad\u00e9n, Patrimonio de la Humanidad, y vive una experiencia \u00fanica explorando las antiguas minas de mercurio.\" \/>\n<meta name=\"robots\" content=\"noindex, nofollow\" \/>\n<meta property=\"og:locale\" content=\"en_US\" \/>\n<meta property=\"og:type\" content=\"article\" \/>\n<meta property=\"og:title\" content=\"\u25b7 Cookies Policy - Parque Minero de Almad\u00e9n\" \/>\n<meta property=\"og:description\" content=\"Descubre el Parque Minero de Almad\u00e9n, Patrimonio de la Humanidad, y vive una experiencia \u00fanica explorando las antiguas minas de mercurio.\" \/>\n<meta property=\"og:url\" content=\"https:\/\/parqueminerodealmaden.es\/en\/cookies-policy\/\" \/>\n<meta property=\"og:site_name\" content=\"Parque Minero de Almad\u00e9n\" \/>\n<meta property=\"article:modified_time\" content=\"2022-11-29T12:23:17+00:00\" \/>\n<meta name=\"twitter:card\" content=\"summary_large_image\" \/>\n<meta name=\"twitter:label1\" content=\"Est. reading time\" \/>\n\t<meta name=\"twitter:data1\" content=\"2 minutes\" \/>\n<script type=\"application\/ld+json\" class=\"yoast-schema-graph\">{\"@context\":\"https:\/\/schema.org\",\"@graph\":[{\"@type\":\"WebPage\",\"@id\":\"https:\/\/parqueminerodealmaden.es\/en\/cookies-policy\/\",\"url\":\"https:\/\/parqueminerodealmaden.es\/en\/cookies-policy\/\",\"name\":\"\u25b7 Cookies Policy - Parque Minero de Almad\u00e9n\",\"isPartOf\":{\"@id\":\"https:\/\/parqueminerodealmaden.es\/en\/#website\"},\"datePublished\":\"2022-11-29T12:23:13+00:00\",\"dateModified\":\"2022-11-29T12:23:17+00:00\",\"description\":\"Descubre el Parque Minero de Almad\u00e9n, Patrimonio de la Humanidad, y vive una experiencia \u00fanica explorando las antiguas minas de mercurio.\",\"breadcrumb\":{\"@id\":\"https:\/\/parqueminerodealmaden.es\/en\/cookies-policy\/#breadcrumb\"},\"inLanguage\":\"en-US\",\"potentialAction\":[{\"@type\":\"ReadAction\",\"target\":[\"https:\/\/parqueminerodealmaden.es\/en\/cookies-policy\/\"]}]},{\"@type\":\"BreadcrumbList\",\"@id\":\"https:\/\/parqueminerodealmaden.es\/en\/cookies-policy\/#breadcrumb\",\"itemListElement\":[{\"@type\":\"ListItem\",\"position\":1,\"name\":\"Portada\",\"item\":\"https:\/\/parqueminerodealmaden.es\/en\/\"},{\"@type\":\"ListItem\",\"position\":2,\"name\":\"Cookies Policy\"}]},{\"@type\":\"WebSite\",\"@id\":\"https:\/\/parqueminerodealmaden.es\/en\/#website\",\"url\":\"https:\/\/parqueminerodealmaden.es\/en\/\",\"name\":\"Parque Minero de Almad\u00e9n\",\"description\":\"\",\"publisher\":{\"@id\":\"https:\/\/parqueminerodealmaden.es\/en\/#organization\"},\"potentialAction\":[{\"@type\":\"SearchAction\",\"target\":{\"@type\":\"EntryPoint\",\"urlTemplate\":\"https:\/\/parqueminerodealmaden.es\/en\/?s={search_term_string}\"},\"query-input\":{\"@type\":\"PropertyValueSpecification\",\"valueRequired\":true,\"valueName\":\"search_term_string\"}}],\"inLanguage\":\"en-US\"},{\"@type\":\"Organization\",\"@id\":\"https:\/\/parqueminerodealmaden.es\/en\/#organization\",\"name\":\"Parque Minero de Almad\u00e9n\",\"url\":\"https:\/\/parqueminerodealmaden.es\/en\/\",\"logo\":{\"@type\":\"ImageObject\",\"inLanguage\":\"en-US\",\"@id\":\"https:\/\/parqueminerodealmaden.es\/en\/#\/schema\/logo\/image\/\",\"url\":\"https:\/\/parqueminerodealmaden.es\/wp-content\/uploads\/2021\/12\/parque-minero-de-almaden.svg\",\"contentUrl\":\"https:\/\/parqueminerodealmaden.es\/wp-content\/uploads\/2021\/12\/parque-minero-de-almaden.svg\",\"width\":135,\"height\":116,\"caption\":\"Parque Minero de Almad\u00e9n\"},\"image\":{\"@id\":\"https:\/\/parqueminerodealmaden.es\/en\/#\/schema\/logo\/image\/\"}}]}<\/script>\n<!-- \/ Yoast SEO plugin. -->","yoast_head_json":{"title":"\u25b7 Cookies Policy - Parque Minero de Almad\u00e9n","description":"Descubre el Parque Minero de Almad\u00e9n, Patrimonio de la Humanidad, y vive una experiencia \u00fanica explorando las antiguas minas de mercurio.","robots":{"index":"noindex","follow":"nofollow"},"og_locale":"en_US","og_type":"article","og_title":"\u25b7 Cookies Policy - Parque Minero de Almad\u00e9n","og_description":"Descubre el Parque Minero de Almad\u00e9n, Patrimonio de la Humanidad, y vive una experiencia \u00fanica explorando las antiguas minas de mercurio.","og_url":"https:\/\/parqueminerodealmaden.es\/en\/cookies-policy\/","og_site_name":"Parque Minero de Almad\u00e9n","article_modified_time":"2022-11-29T12:23:17+00:00","twitter_card":"summary_large_image","twitter_misc":{"Est. reading time":"2 minutes"},"schema":{"@context":"https:\/\/schema.org","@graph":[{"@type":"WebPage","@id":"https:\/\/parqueminerodealmaden.es\/en\/cookies-policy\/","url":"https:\/\/parqueminerodealmaden.es\/en\/cookies-policy\/","name":"\u25b7 Cookies Policy - Parque Minero de Almad\u00e9n","isPartOf":{"@id":"https:\/\/parqueminerodealmaden.es\/en\/#website"},"datePublished":"2022-11-29T12:23:13+00:00","dateModified":"2022-11-29T12:23:17+00:00","description":"Descubre el Parque Minero de Almad\u00e9n, Patrimonio de la Humanidad, y vive una experiencia \u00fanica explorando las antiguas minas de mercurio.","breadcrumb":{"@id":"https:\/\/parqueminerodealmaden.es\/en\/cookies-policy\/#breadcrumb"},"inLanguage":"en-US","potentialAction":[{"@type":"ReadAction","target":["https:\/\/parqueminerodealmaden.es\/en\/cookies-policy\/"]}]},{"@type":"BreadcrumbList","@id":"https:\/\/parqueminerodealmaden.es\/en\/cookies-policy\/#breadcrumb","itemListElement":[{"@type":"ListItem","position":1,"name":"Portada","item":"https:\/\/parqueminerodealmaden.es\/en\/"},{"@type":"ListItem","position":2,"name":"Cookies Policy"}]},{"@type":"WebSite","@id":"https:\/\/parqueminerodealmaden.es\/en\/#website","url":"https:\/\/parqueminerodealmaden.es\/en\/","name":"Parque Minero de Almad\u00e9n","description":"","publisher":{"@id":"https:\/\/parqueminerodealmaden.es\/en\/#organization"},"potentialAction":[{"@type":"SearchAction","target":{"@type":"EntryPoint","urlTemplate":"https:\/\/parqueminerodealmaden.es\/en\/?s={search_term_string}"},"query-input":{"@type":"PropertyValueSpecification","valueRequired":true,"valueName":"search_term_string"}}],"inLanguage":"en-US"},{"@type":"Organization","@id":"https:\/\/parqueminerodealmaden.es\/en\/#organization","name":"Parque Minero de Almad\u00e9n","url":"https:\/\/parqueminerodealmaden.es\/en\/","logo":{"@type":"ImageObject","inLanguage":"en-US","@id":"https:\/\/parqueminerodealmaden.es\/en\/#\/schema\/logo\/image\/","url":"https:\/\/parqueminerodealmaden.es\/wp-content\/uploads\/2021\/12\/parque-minero-de-almaden.svg","contentUrl":"https:\/\/parqueminerodealmaden.es\/wp-content\/uploads\/2021\/12\/parque-minero-de-almaden.svg","width":135,"height":116,"caption":"Parque Minero de Almad\u00e9n"},"image":{"@id":"https:\/\/parqueminerodealmaden.es\/en\/#\/schema\/logo\/image\/"}}]}},"taxonomy_info":[],"featured_image_src_large":false,"author_info":{"display_name":"expacioweb","author_link":"https:\/\/parqueminerodealmaden.es\/en\/author\/expacioweb\/"},"comment_info":0,"_links":{"self":[{"href":"https:\/\/parqueminerodealmaden.es\/en\/wp-json\/wp\/v2\/pages\/2825","targetHints":{"allow":["GET"]}}],"collection":[{"href":"https:\/\/parqueminerodealmaden.es\/en\/wp-json\/wp\/v2\/pages"}],"about":[{"href":"https:\/\/parqueminerodealmaden.es\/en\/wp-json\/wp\/v2\/types\/page"}],"author":[{"embeddable":true,"href":"https:\/\/parqueminerodealmaden.es\/en\/wp-json\/wp\/v2\/users\/1"}],"replies":[{"embeddable":true,"href":"https:\/\/parqueminerodealmaden.es\/en\/wp-json\/wp\/v2\/comments?post=2825"}],"version-history":[{"count":1,"href":"https:\/\/parqueminerodealmaden.es\/en\/wp-json\/wp\/v2\/pages\/2825\/revisions"}],"predecessor-version":[{"id":2827,"href":"https:\/\/parqueminerodealmaden.es\/en\/wp-json\/wp\/v2\/pages\/2825\/revisions\/2827"}],"wp:attachment":[{"href":"https:\/\/parqueminerodealmaden.es\/en\/wp-json\/wp\/v2\/media?parent=2825"}],"curies":[{"name":"wp","href":"https:\/\/api.w.org\/{rel}","templated":true}]}}