{"id":2811,"date":"2022-06-30T09:41:40","date_gmt":"2022-06-30T07:41:40","guid":{"rendered":"https:\/\/parqueminerodealmaden.es\/aviso-legal\/"},"modified":"2022-11-29T12:44:59","modified_gmt":"2022-11-29T11:44:59","slug":"aviso-legal","status":"publish","type":"page","link":"https:\/\/parqueminerodealmaden.es\/en\/aviso-legal\/","title":{"rendered":"Legal Advice"},"content":{"rendered":"<style>#kt-layout-id_7fbcf6-c8 > .kt-row-column-wrap{align-content:start;}:where(#kt-layout-id_7fbcf6-c8 > .kt-row-column-wrap) > .wp-block-kadence-column{justify-content:start;}#kt-layout-id_7fbcf6-c8 > .kt-row-column-wrap{column-gap:var(--global-kb-gap-md, 2rem);row-gap:var(--global-kb-gap-md, 2rem);max-width:1400px;margin-left:auto;margin-right:auto;padding-top:var( --global-kb-row-default-top, 25px );padding-bottom:var( --global-kb-row-default-bottom, 25px );padding-top:var(--global-kb-spacing-sm, 1.5rem);padding-bottom:var(--global-kb-spacing-sm, 1.5rem);grid-template-columns:minmax(0, 1fr);}#kt-layout-id_7fbcf6-c8 > .kt-row-layout-overlay{opacity:0.30;}@media all and (max-width: 1024px){#kt-layout-id_7fbcf6-c8 > .kt-row-column-wrap{grid-template-columns:minmax(0, 1fr);}}@media all and (max-width: 767px){#kt-layout-id_7fbcf6-c8 > .kt-row-column-wrap{grid-template-columns:minmax(0, 1fr);}}<\/style>\n<div class=\"wp-block-kadence-rowlayout alignnone\"><div id=\"kt-layout-id_7fbcf6-c8\" class=\"kt-row-layout-inner kt-layout-id_7fbcf6-c8\"><div class=\"kt-row-column-wrap kt-has-1-columns kt-gutter-default kt-v-gutter-default kt-row-valign-top kt-row-layout-equal kt-tab-layout-inherit kt-m-colapse-left-to-right kt-mobile-layout-row\"><style>.kadence-column_dc6b82-88 > .kt-inside-inner-col{border-top-width:0px;border-right-width:0px;border-bottom-width:0px;border-left-width:0px;}.kadence-column_dc6b82-88 > .kt-inside-inner-col,.kadence-column_dc6b82-88 > .kt-inside-inner-col:before{border-top-left-radius:0px;border-top-right-radius:0px;border-bottom-right-radius:0px;border-bottom-left-radius:0px;}.kadence-column_dc6b82-88 > .kt-inside-inner-col{column-gap:var(--global-kb-gap-sm, 1rem);}.kadence-column_dc6b82-88 > .kt-inside-inner-col{flex-direction:column;}.kadence-column_dc6b82-88 > .kt-inside-inner-col > .aligncenter{width:100%;}.kadence-column_dc6b82-88 > .kt-inside-inner-col:before{opacity:0.3;}.kadence-column_dc6b82-88{position:relative;}@media all and (max-width: 1024px){.kadence-column_dc6b82-88 > .kt-inside-inner-col{flex-direction:column;justify-content:center;}}@media all and (max-width: 767px){.kadence-column_dc6b82-88 > .kt-inside-inner-col{flex-direction:column;justify-content:center;}}<\/style>\n<div class=\"wp-block-kadence-column inner-column-1 kadence-column_dc6b82-88\"><div class=\"kt-inside-inner-col\">\n<p>In fulfilment of the collected information duty in article 10 of Law 34\/2002, from the 11 July, from the Society of Information Services and Electronic services, we inform as to the identifying information of the webpage holder www.parqueminerodealmaden.es:<\/p>\n\n\n\n<p>Minas de Almad\u00e9n y Arrayanes, S.A., S.M.E. (hereafter, MAYASA)<\/p>\n\n\n\n<p>NIF: A-28764140<\/p>\n\n\n\n<p>Registered in the Commercial Registry of Ciudad Real &#8211; Volume 661 \u2013 Book 0 \u2013 Folio 169 &#8211; Sheet CR-30664 &#8211; Registration 2.<\/p>\n\n\n\n<p>Cerco de San Teodoro s\/n &#8211; 13400 Almad\u00e9n (Ciudad Real) &#8211; Tel.:+34 926265000<\/p>\n\n\n\n<p>mayasa@mayasa.es<\/p>\n<\/div><\/div>\n<\/div><\/div><\/div>\n","protected":false},"excerpt":{"rendered":"<p>In fulfilment of the collected information duty in article 10 of Law 34\/2002, from the 11 July, from the Society of Information Services and Electronic services, we inform as to the identifying information of the webpage holder www.parqueminerodealmaden.es: Minas de Almad\u00e9n y Arrayanes, S.A., S.M.E. (hereafter, MAYASA) NIF: A-28764140 Registered in the Commercial Registry of&#8230;<\/p>\n","protected":false},"author":1,"featured_media":0,"parent":0,"menu_order":0,"comment_status":"closed","ping_status":"closed","template":"","meta":{"_acf_changed":false,"inline_featured_image":false,"_kad_blocks_custom_css":"","_kad_blocks_head_custom_js":"","_kad_blocks_body_custom_js":"","_kad_blocks_footer_custom_js":"","_kad_post_transparent":"","_kad_post_title":"hide","_kad_post_layout":"","_kad_post_sidebar_id":"","_kad_post_content_style":"","_kad_post_vertical_padding":"","_kad_post_feature":"","_kad_post_feature_position":"","_kad_post_header":false,"_kad_post_footer":false,"_kad_post_classname":"","footnotes":""},"class_list":["post-2811","page","type-page","status-publish","hentry"],"acf":[],"yoast_head":"<!-- This site is optimized with the Yoast SEO plugin v27.2 - https:\/\/yoast.com\/product\/yoast-seo-wordpress\/ -->\n<title>\u25b7 Legal Advice - Parque Minero de Almad\u00e9n<\/title>\n<meta name=\"description\" content=\"Descubre el Parque Minero de Almad\u00e9n, Patrimonio de la Humanidad, y vive una experiencia \u00fanica explorando las antiguas minas de mercurio.\" \/>\n<meta name=\"robots\" content=\"noindex, nofollow\" \/>\n<meta property=\"og:locale\" content=\"en_US\" \/>\n<meta property=\"og:type\" content=\"article\" \/>\n<meta property=\"og:title\" content=\"\u25b7 Legal Advice - Parque Minero de Almad\u00e9n\" \/>\n<meta property=\"og:description\" content=\"Descubre el Parque Minero de Almad\u00e9n, Patrimonio de la Humanidad, y vive una experiencia \u00fanica explorando las antiguas minas de mercurio.\" \/>\n<meta property=\"og:url\" content=\"https:\/\/parqueminerodealmaden.es\/en\/aviso-legal\/\" \/>\n<meta property=\"og:site_name\" content=\"Parque Minero de Almad\u00e9n\" \/>\n<meta property=\"article:modified_time\" content=\"2022-11-29T11:44:59+00:00\" \/>\n<meta name=\"twitter:card\" content=\"summary_large_image\" \/>\n<meta name=\"twitter:label1\" content=\"Est. reading time\" \/>\n\t<meta name=\"twitter:data1\" content=\"1 minute\" \/>\n<script type=\"application\/ld+json\" class=\"yoast-schema-graph\">{\"@context\":\"https:\/\/schema.org\",\"@graph\":[{\"@type\":\"WebPage\",\"@id\":\"https:\/\/parqueminerodealmaden.es\/en\/aviso-legal\/\",\"url\":\"https:\/\/parqueminerodealmaden.es\/en\/aviso-legal\/\",\"name\":\"\u25b7 Legal Advice - Parque Minero de Almad\u00e9n\",\"isPartOf\":{\"@id\":\"https:\/\/parqueminerodealmaden.es\/en\/#website\"},\"datePublished\":\"2022-06-30T07:41:40+00:00\",\"dateModified\":\"2022-11-29T11:44:59+00:00\",\"description\":\"Descubre el Parque Minero de Almad\u00e9n, Patrimonio de la Humanidad, y vive una experiencia \u00fanica explorando las antiguas minas de mercurio.\",\"breadcrumb\":{\"@id\":\"https:\/\/parqueminerodealmaden.es\/en\/aviso-legal\/#breadcrumb\"},\"inLanguage\":\"en-US\",\"potentialAction\":[{\"@type\":\"ReadAction\",\"target\":[\"https:\/\/parqueminerodealmaden.es\/en\/aviso-legal\/\"]}]},{\"@type\":\"BreadcrumbList\",\"@id\":\"https:\/\/parqueminerodealmaden.es\/en\/aviso-legal\/#breadcrumb\",\"itemListElement\":[{\"@type\":\"ListItem\",\"position\":1,\"name\":\"Portada\",\"item\":\"https:\/\/parqueminerodealmaden.es\/en\/\"},{\"@type\":\"ListItem\",\"position\":2,\"name\":\"Legal Advice\"}]},{\"@type\":\"WebSite\",\"@id\":\"https:\/\/parqueminerodealmaden.es\/en\/#website\",\"url\":\"https:\/\/parqueminerodealmaden.es\/en\/\",\"name\":\"Parque Minero de Almad\u00e9n\",\"description\":\"\",\"publisher\":{\"@id\":\"https:\/\/parqueminerodealmaden.es\/en\/#organization\"},\"potentialAction\":[{\"@type\":\"SearchAction\",\"target\":{\"@type\":\"EntryPoint\",\"urlTemplate\":\"https:\/\/parqueminerodealmaden.es\/en\/?s={search_term_string}\"},\"query-input\":{\"@type\":\"PropertyValueSpecification\",\"valueRequired\":true,\"valueName\":\"search_term_string\"}}],\"inLanguage\":\"en-US\"},{\"@type\":\"Organization\",\"@id\":\"https:\/\/parqueminerodealmaden.es\/en\/#organization\",\"name\":\"Parque Minero de Almad\u00e9n\",\"url\":\"https:\/\/parqueminerodealmaden.es\/en\/\",\"logo\":{\"@type\":\"ImageObject\",\"inLanguage\":\"en-US\",\"@id\":\"https:\/\/parqueminerodealmaden.es\/en\/#\/schema\/logo\/image\/\",\"url\":\"https:\/\/parqueminerodealmaden.es\/wp-content\/uploads\/2021\/12\/parque-minero-de-almaden.svg\",\"contentUrl\":\"https:\/\/parqueminerodealmaden.es\/wp-content\/uploads\/2021\/12\/parque-minero-de-almaden.svg\",\"width\":135,\"height\":116,\"caption\":\"Parque Minero de Almad\u00e9n\"},\"image\":{\"@id\":\"https:\/\/parqueminerodealmaden.es\/en\/#\/schema\/logo\/image\/\"}}]}<\/script>\n<!-- \/ Yoast SEO plugin. -->","yoast_head_json":{"title":"\u25b7 Legal Advice - Parque Minero de Almad\u00e9n","description":"Descubre el Parque Minero de Almad\u00e9n, Patrimonio de la Humanidad, y vive una experiencia \u00fanica explorando las antiguas minas de mercurio.","robots":{"index":"noindex","follow":"nofollow"},"og_locale":"en_US","og_type":"article","og_title":"\u25b7 Legal Advice - Parque Minero de Almad\u00e9n","og_description":"Descubre el Parque Minero de Almad\u00e9n, Patrimonio de la Humanidad, y vive una experiencia \u00fanica explorando las antiguas minas de mercurio.","og_url":"https:\/\/parqueminerodealmaden.es\/en\/aviso-legal\/","og_site_name":"Parque Minero de Almad\u00e9n","article_modified_time":"2022-11-29T11:44:59+00:00","twitter_card":"summary_large_image","twitter_misc":{"Est. reading time":"1 minute"},"schema":{"@context":"https:\/\/schema.org","@graph":[{"@type":"WebPage","@id":"https:\/\/parqueminerodealmaden.es\/en\/aviso-legal\/","url":"https:\/\/parqueminerodealmaden.es\/en\/aviso-legal\/","name":"\u25b7 Legal Advice - Parque Minero de Almad\u00e9n","isPartOf":{"@id":"https:\/\/parqueminerodealmaden.es\/en\/#website"},"datePublished":"2022-06-30T07:41:40+00:00","dateModified":"2022-11-29T11:44:59+00:00","description":"Descubre el Parque Minero de Almad\u00e9n, Patrimonio de la Humanidad, y vive una experiencia \u00fanica explorando las antiguas minas de mercurio.","breadcrumb":{"@id":"https:\/\/parqueminerodealmaden.es\/en\/aviso-legal\/#breadcrumb"},"inLanguage":"en-US","potentialAction":[{"@type":"ReadAction","target":["https:\/\/parqueminerodealmaden.es\/en\/aviso-legal\/"]}]},{"@type":"BreadcrumbList","@id":"https:\/\/parqueminerodealmaden.es\/en\/aviso-legal\/#breadcrumb","itemListElement":[{"@type":"ListItem","position":1,"name":"Portada","item":"https:\/\/parqueminerodealmaden.es\/en\/"},{"@type":"ListItem","position":2,"name":"Legal Advice"}]},{"@type":"WebSite","@id":"https:\/\/parqueminerodealmaden.es\/en\/#website","url":"https:\/\/parqueminerodealmaden.es\/en\/","name":"Parque Minero de Almad\u00e9n","description":"","publisher":{"@id":"https:\/\/parqueminerodealmaden.es\/en\/#organization"},"potentialAction":[{"@type":"SearchAction","target":{"@type":"EntryPoint","urlTemplate":"https:\/\/parqueminerodealmaden.es\/en\/?s={search_term_string}"},"query-input":{"@type":"PropertyValueSpecification","valueRequired":true,"valueName":"search_term_string"}}],"inLanguage":"en-US"},{"@type":"Organization","@id":"https:\/\/parqueminerodealmaden.es\/en\/#organization","name":"Parque Minero de Almad\u00e9n","url":"https:\/\/parqueminerodealmaden.es\/en\/","logo":{"@type":"ImageObject","inLanguage":"en-US","@id":"https:\/\/parqueminerodealmaden.es\/en\/#\/schema\/logo\/image\/","url":"https:\/\/parqueminerodealmaden.es\/wp-content\/uploads\/2021\/12\/parque-minero-de-almaden.svg","contentUrl":"https:\/\/parqueminerodealmaden.es\/wp-content\/uploads\/2021\/12\/parque-minero-de-almaden.svg","width":135,"height":116,"caption":"Parque Minero de Almad\u00e9n"},"image":{"@id":"https:\/\/parqueminerodealmaden.es\/en\/#\/schema\/logo\/image\/"}}]}},"taxonomy_info":[],"featured_image_src_large":false,"author_info":{"display_name":"expacioweb","author_link":"https:\/\/parqueminerodealmaden.es\/en\/author\/expacioweb\/"},"comment_info":0,"_links":{"self":[{"href":"https:\/\/parqueminerodealmaden.es\/en\/wp-json\/wp\/v2\/pages\/2811","targetHints":{"allow":["GET"]}}],"collection":[{"href":"https:\/\/parqueminerodealmaden.es\/en\/wp-json\/wp\/v2\/pages"}],"about":[{"href":"https:\/\/parqueminerodealmaden.es\/en\/wp-json\/wp\/v2\/types\/page"}],"author":[{"embeddable":true,"href":"https:\/\/parqueminerodealmaden.es\/en\/wp-json\/wp\/v2\/users\/1"}],"replies":[{"embeddable":true,"href":"https:\/\/parqueminerodealmaden.es\/en\/wp-json\/wp\/v2\/comments?post=2811"}],"version-history":[{"count":3,"href":"https:\/\/parqueminerodealmaden.es\/en\/wp-json\/wp\/v2\/pages\/2811\/revisions"}],"predecessor-version":[{"id":2815,"href":"https:\/\/parqueminerodealmaden.es\/en\/wp-json\/wp\/v2\/pages\/2811\/revisions\/2815"}],"wp:attachment":[{"href":"https:\/\/parqueminerodealmaden.es\/en\/wp-json\/wp\/v2\/media?parent=2811"}],"curies":[{"name":"wp","href":"https:\/\/api.w.org\/{rel}","templated":true}]}}